{"id":609,"date":"2026-01-09T10:55:30","date_gmt":"2026-01-09T09:55:30","guid":{"rendered":"https:\/\/tarabal.fr\/?page_id=609"},"modified":"2026-01-09T11:02:17","modified_gmt":"2026-01-09T10:02:17","slug":"les-belles-histoires","status":"publish","type":"page","link":"https:\/\/tarabal.fr\/index.php\/les-creations\/les-differents-spectacles\/les-belles-histoires\/","title":{"rendered":"Les belles histoires"},"content":{"rendered":"\n<figure class=\"wp-block-image size-large\"><img loading=\"lazy\" decoding=\"async\" width=\"1024\" height=\"768\" src=\"https:\/\/tarabal.fr\/wp-content\/uploads\/2024\/11\/IMG_0707-1024x768.jpg\" alt=\"\" class=\"wp-image-464\" srcset=\"https:\/\/tarabal.fr\/wp-content\/uploads\/2024\/11\/IMG_0707-1024x768.jpg 1024w, https:\/\/tarabal.fr\/wp-content\/uploads\/2024\/11\/IMG_0707-300x225.jpg 300w, https:\/\/tarabal.fr\/wp-content\/uploads\/2024\/11\/IMG_0707-768x576.jpg 768w, https:\/\/tarabal.fr\/wp-content\/uploads\/2024\/11\/IMG_0707.jpg 1280w\" sizes=\"auto, (max-width: 1024px) 100vw, 1024px\" \/><\/figure>\n\n\n\n<p>A partir d&rsquo;objets, deux voyageurs partis depuis 2023 racontent leurs histoires de voyage en roulotte et \u00e0 cheval.<\/p>\n\n\n\n<p>Des histoires, et surtout de belles histoires, refl\u00e9tant les rencontres et la solidarit\u00e9 sur la route<\/p>\n\n\n\n<p>Entre les histoires, les musiques prennent la place.<\/p>\n\n\n\n<div style=\"height:100px\" aria-hidden=\"true\" class=\"wp-block-spacer\"><\/div>\n\n\n\n<div style=\"height:100px\" aria-hidden=\"true\" class=\"wp-block-spacer\"><\/div>\n\n\n\n<figure class=\"wp-block-gallery has-nested-images columns-default is-cropped wp-block-gallery-1 is-layout-flex wp-block-gallery-is-layout-flex\">\n<figure class=\"wp-block-image size-large\"><img loading=\"lazy\" decoding=\"async\" width=\"768\" height=\"1024\" data-id=\"458\" src=\"https:\/\/tarabal.fr\/wp-content\/uploads\/2024\/11\/20240820_182206-768x1024.jpg\" alt=\"\" class=\"wp-image-458\" srcset=\"https:\/\/tarabal.fr\/wp-content\/uploads\/2024\/11\/20240820_182206-768x1024.jpg 768w, https:\/\/tarabal.fr\/wp-content\/uploads\/2024\/11\/20240820_182206-225x300.jpg 225w, https:\/\/tarabal.fr\/wp-content\/uploads\/2024\/11\/20240820_182206-1152x1536.jpg 1152w, https:\/\/tarabal.fr\/wp-content\/uploads\/2024\/11\/20240820_182206-1536x2048.jpg 1536w, https:\/\/tarabal.fr\/wp-content\/uploads\/2024\/11\/20240820_182206-scaled.jpg 1920w\" sizes=\"auto, (max-width: 768px) 100vw, 768px\" \/><\/figure>\n<\/figure>\n\n\n\n<p>Le spectacle est jou\u00e9 id\u00e9alement en ext\u00e9rieur autour de la roulotte et aupr\u00e8s des chevaux, il peut aussi \u00eatre jou\u00e9 en int\u00e9rieur.<\/p>\n\n\n\n<div style=\"height:100px\" aria-hidden=\"true\" class=\"wp-block-spacer\"><\/div>\n\n\n\n<p class=\"has-text-align-right\"><\/p>\n\n\n\n<p class=\"has-text-align-right\"><em>Clarinette, accord\u00e9on, r\u00e9cits<\/em><\/p>\n\n\n\n<p class=\"has-text-align-right\"><em>Tout public (\u00e0 partir de 6 ans) <\/em><\/p>\n\n\n\n<p class=\"has-text-align-right\"><em>Dur\u00e9e : 60 minutes<\/em><\/p>\n","protected":false},"excerpt":{"rendered":"<p>A partir d&rsquo;objets, deux voyageurs partis depuis 2023 racontent leurs histoires de voyage en roulotte et \u00e0 cheval. Des histoires, et surtout de belles histoires, refl\u00e9tant les rencontres et la solidarit\u00e9 sur la route Entre les histoires, les musiques prennent la place. Le spectacle est jou\u00e9 id\u00e9alement en ext\u00e9rieur autour de la roulotte et aupr\u00e8s [&hellip;]<\/p>\n","protected":false},"author":1,"featured_media":0,"parent":587,"menu_order":1,"comment_status":"closed","ping_status":"closed","template":"","meta":{"footnotes":""},"class_list":["post-609","page","type-page","status-publish","hentry"],"_links":{"self":[{"href":"https:\/\/tarabal.fr\/index.php\/wp-json\/wp\/v2\/pages\/609","targetHints":{"allow":["GET"]}}],"collection":[{"href":"https:\/\/tarabal.fr\/index.php\/wp-json\/wp\/v2\/pages"}],"about":[{"href":"https:\/\/tarabal.fr\/index.php\/wp-json\/wp\/v2\/types\/page"}],"author":[{"embeddable":true,"href":"https:\/\/tarabal.fr\/index.php\/wp-json\/wp\/v2\/users\/1"}],"replies":[{"embeddable":true,"href":"https:\/\/tarabal.fr\/index.php\/wp-json\/wp\/v2\/comments?post=609"}],"version-history":[{"count":5,"href":"https:\/\/tarabal.fr\/index.php\/wp-json\/wp\/v2\/pages\/609\/revisions"}],"predecessor-version":[{"id":662,"href":"https:\/\/tarabal.fr\/index.php\/wp-json\/wp\/v2\/pages\/609\/revisions\/662"}],"up":[{"embeddable":true,"href":"https:\/\/tarabal.fr\/index.php\/wp-json\/wp\/v2\/pages\/587"}],"wp:attachment":[{"href":"https:\/\/tarabal.fr\/index.php\/wp-json\/wp\/v2\/media?parent=609"}],"curies":[{"name":"wp","href":"https:\/\/api.w.org\/{rel}","templated":true}]}}