{"id":595,"date":"2025-06-01T12:45:03","date_gmt":"2025-06-01T10:45:03","guid":{"rendered":"https:\/\/tarabal.fr\/?page_id=595"},"modified":"2025-06-01T12:56:24","modified_gmt":"2025-06-01T10:56:24","slug":"lieux-des-spectacles","status":"publish","type":"page","link":"https:\/\/tarabal.fr\/index.php\/les-creations\/lieux-des-spectacles\/","title":{"rendered":"Lieux des spectacles"},"content":{"rendered":"\n<p>Les spectacles peuvent se jouer<\/p>\n\n\n\n<ul class=\"wp-block-list\">\n<li>dans les communes, sur la place du village, dans la salle des f\u00eates, \u2026<\/li>\n\n\n\n<li>avec les associations, comit\u00e9s des f\u00eates, ou caf\u00e9s locaux<\/li>\n\n\n\n<li>dans les \u00e9coles, ehpad, &#8230; avec ou sans ateliers en amont (voir rubrique \u00ab\u00a0Ateliers\u00a0\u00bb)<\/li>\n\n\n\n<li>chez l\u2019habitant (\u00e0 partir de 20 adultes)<\/li>\n<\/ul>\n\n\n\n<p>Pour cela, il suffit de prendre contact avec nous !<\/p>\n","protected":false},"excerpt":{"rendered":"<p>Les spectacles peuvent se jouer Pour cela, il suffit de prendre contact avec nous !<\/p>\n","protected":false},"author":1,"featured_media":0,"parent":31,"menu_order":0,"comment_status":"closed","ping_status":"closed","template":"","meta":{"footnotes":""},"class_list":["post-595","page","type-page","status-publish","hentry"],"_links":{"self":[{"href":"https:\/\/tarabal.fr\/index.php\/wp-json\/wp\/v2\/pages\/595","targetHints":{"allow":["GET"]}}],"collection":[{"href":"https:\/\/tarabal.fr\/index.php\/wp-json\/wp\/v2\/pages"}],"about":[{"href":"https:\/\/tarabal.fr\/index.php\/wp-json\/wp\/v2\/types\/page"}],"author":[{"embeddable":true,"href":"https:\/\/tarabal.fr\/index.php\/wp-json\/wp\/v2\/users\/1"}],"replies":[{"embeddable":true,"href":"https:\/\/tarabal.fr\/index.php\/wp-json\/wp\/v2\/comments?post=595"}],"version-history":[{"count":2,"href":"https:\/\/tarabal.fr\/index.php\/wp-json\/wp\/v2\/pages\/595\/revisions"}],"predecessor-version":[{"id":608,"href":"https:\/\/tarabal.fr\/index.php\/wp-json\/wp\/v2\/pages\/595\/revisions\/608"}],"up":[{"embeddable":true,"href":"https:\/\/tarabal.fr\/index.php\/wp-json\/wp\/v2\/pages\/31"}],"wp:attachment":[{"href":"https:\/\/tarabal.fr\/index.php\/wp-json\/wp\/v2\/media?parent=595"}],"curies":[{"name":"wp","href":"https:\/\/api.w.org\/{rel}","templated":true}]}}