{"id":443,"date":"2024-11-04T19:18:44","date_gmt":"2024-11-04T18:18:44","guid":{"rendered":"https:\/\/tarabal.fr\/?page_id=443"},"modified":"2025-06-01T12:47:10","modified_gmt":"2025-06-01T10:47:10","slug":"conf-sur-carte","status":"publish","type":"page","link":"https:\/\/tarabal.fr\/index.php\/les-creations\/les-differents-spectacles\/conf-sur-carte\/","title":{"rendered":"Conf\u00e9rence itin\u00e9rante"},"content":{"rendered":"\n<p><\/p>\n\n\n\n<p>Avec une carte g\u00e9ographique comme support, la roulotti\u00e8re partage des bribes de voyage,<\/p>\n\n\n\n<p>La carte, cet outil qui sert tous les jours, pour tracer la route du lendemain, anticiper le d\u00e9nivel\u00e9, trouver de l&rsquo;eau, de quoi se reposer quelques heures,<\/p>\n\n\n\n<p>Mais aussi, cette cartographie qui permet de lire entre les lignes,<\/p>\n\n\n\n<p>la corr\u00e9lation des distances au temps qu&rsquo;on d\u00e9cide de prendre, la vitesse qu&rsquo;on choisit,<\/p>\n\n\n\n<p>des routes nationales aux sentiers pr\u00e9serv\u00e9s par les citoyens qui les entourent,<\/p>\n\n\n\n<p>de la propri\u00e9t\u00e9 priv\u00e9e \u00e0 l&rsquo;espace public,<\/p>\n\n\n\n<p>le lien subtil de la s\u00e9curit\u00e9 \u00e0 la libert\u00e9,<\/p>\n\n\n\n<p>les paysages qu&rsquo;on traverse et la politique qui les fa\u00e7onne.<\/p>\n\n\n\n<div style=\"height:100px\" aria-hidden=\"true\" class=\"wp-block-spacer\"><\/div>\n\n\n\n<p><em>Conf\u00e9rence anim\u00e9e<\/em><\/p>\n\n\n\n<p><em>En int\u00e9rieur ou ext\u00e9rieur<\/em><\/p>\n\n\n\n<p><em>Public adultes<\/em><\/p>\n\n\n\n<p><em>Dur\u00e9e : 45 minutes<\/em><\/p>\n","protected":false},"excerpt":{"rendered":"<p>Avec une carte g\u00e9ographique comme support, la roulotti\u00e8re partage des bribes de voyage, La carte, cet outil qui sert tous les jours, pour tracer la route du lendemain, anticiper le d\u00e9nivel\u00e9, trouver de l&rsquo;eau, de quoi se reposer quelques heures, Mais aussi, cette cartographie qui permet de lire entre les lignes, la corr\u00e9lation des distances [&hellip;]<\/p>\n","protected":false},"author":1,"featured_media":0,"parent":587,"menu_order":4,"comment_status":"closed","ping_status":"closed","template":"","meta":{"footnotes":""},"class_list":["post-443","page","type-page","status-publish","hentry"],"_links":{"self":[{"href":"https:\/\/tarabal.fr\/index.php\/wp-json\/wp\/v2\/pages\/443","targetHints":{"allow":["GET"]}}],"collection":[{"href":"https:\/\/tarabal.fr\/index.php\/wp-json\/wp\/v2\/pages"}],"about":[{"href":"https:\/\/tarabal.fr\/index.php\/wp-json\/wp\/v2\/types\/page"}],"author":[{"embeddable":true,"href":"https:\/\/tarabal.fr\/index.php\/wp-json\/wp\/v2\/users\/1"}],"replies":[{"embeddable":true,"href":"https:\/\/tarabal.fr\/index.php\/wp-json\/wp\/v2\/comments?post=443"}],"version-history":[{"count":7,"href":"https:\/\/tarabal.fr\/index.php\/wp-json\/wp\/v2\/pages\/443\/revisions"}],"predecessor-version":[{"id":597,"href":"https:\/\/tarabal.fr\/index.php\/wp-json\/wp\/v2\/pages\/443\/revisions\/597"}],"up":[{"embeddable":true,"href":"https:\/\/tarabal.fr\/index.php\/wp-json\/wp\/v2\/pages\/587"}],"wp:attachment":[{"href":"https:\/\/tarabal.fr\/index.php\/wp-json\/wp\/v2\/media?parent=443"}],"curies":[{"name":"wp","href":"https:\/\/api.w.org\/{rel}","templated":true}]}}