{"id":349,"date":"2024-04-16T18:13:12","date_gmt":"2024-04-16T16:13:12","guid":{"rendered":"https:\/\/tarabal.fr\/?page_id=349"},"modified":"2026-03-05T09:46:34","modified_gmt":"2026-03-05T08:46:34","slug":"dates","status":"publish","type":"page","link":"https:\/\/tarabal.fr\/index.php\/la-compagnie\/dates\/","title":{"rendered":"Agenda"},"content":{"rendered":"\n<div style=\"height:100px\" aria-hidden=\"true\" class=\"wp-block-spacer\"><\/div>\n\n\n\n<h2 class=\"wp-block-heading\">Dates 2026<\/h2>\n\n\n\n<p>Ehpad de <strong>Ladignac-le-Long (87) &#8211; mai 2025<\/strong><\/p>\n\n\n\n<p>Ehpad des <strong>Cars (87) &#8211; mai 2025<\/strong><\/p>\n\n\n\n<p>Ehpad de<strong> Ch\u00e2lus (87) &#8211; mai 2025<\/strong><\/p>\n\n\n\n<div style=\"height:100px\" aria-hidden=\"true\" class=\"wp-block-spacer\"><\/div>\n\n\n\n<hr class=\"wp-block-separator has-alpha-channel-opacity\"\/>\n\n\n\n<div style=\"height:100px\" aria-hidden=\"true\" class=\"wp-block-spacer\"><\/div>\n\n\n\n<h2 class=\"wp-block-heading\">Dates 2025<\/h2>\n\n\n\n<p>Ecole maternelle de <strong>St Yrieix la Perche (87) <\/strong>&#8211; <strong>avril 2025<\/strong><\/p>\n\n\n\n<p>Ehpad de <strong>Lanouaille (24)<\/strong>&#8211; <strong>avril 2025<\/strong><\/p>\n\n\n\n<p>Ecole primaire d&rsquo;<strong>Auriac-en-P\u00e9rigord (24) <\/strong>&#8211;<strong>  avril 2025<\/strong><\/p>\n\n\n\n<p>Salle des f\u00eates d&rsquo;<strong>Auriac-en-P\u00e9rigord (24) &#8211; avril 2025<\/strong><\/p>\n\n\n\n<p>Camping \u00ab\u00a0La Piraterie des Galinoux\u00a0\u00bb \u00e0 <strong>Bergerac (24)<\/strong> &#8211; <strong>mai 2025<\/strong><\/p>\n\n\n\n<p>Ecole maternelle \u00e0 <strong>Bergerac (24) <\/strong>&#8211;<strong> mai 2025<\/strong><\/p>\n\n\n\n<p>Mikado Caf\u00e9 \u00e0 <strong>Saint Aquilin (24) &#8211; octobre 2025 \u00e0 18h<\/strong><\/p>\n\n\n\n<p>Ehpad Les Chaminades \u00e0 <strong>Champagnac de Belair (24) &#8211; octobre 2025<\/strong><\/p>\n\n\n\n<div style=\"height:100px\" aria-hidden=\"true\" class=\"wp-block-spacer\"><\/div>\n\n\n\n<hr class=\"wp-block-separator has-alpha-channel-opacity\"\/>\n\n\n\n<div style=\"height:100px\" aria-hidden=\"true\" class=\"wp-block-spacer\"><\/div>\n\n\n\n<h2 class=\"wp-block-heading\">Dates 2024<\/h2>\n\n\n\n<p>Comit\u00e9 des f\u00eates de <strong>Saint Setiers<\/strong> <strong>(19) <\/strong>&#8211; <strong>mars 2024<\/strong><\/p>\n\n\n\n<p>Ecole de <strong>Sornac (19) <\/strong>&#8211; <strong>avril 2024<\/strong><\/p>\n\n\n\n<p>Plage verte d&rsquo;<strong>Ambrugeat (19) <\/strong>&#8211; <strong>avril 2024<\/strong><\/p>\n\n\n\n<p><strong>Le Lonzac (19) <\/strong>&#8211; <strong>mars 2024<\/strong><\/p>\n\n\n\n<p>La P&rsquo;tite Fabrique Solidaire \u00e0 <strong>Uzerche (19)<\/strong> &#8211; <strong>avril 2024<\/strong><\/p>\n\n\n\n<p>Ecole de <strong>St Sornin Lavolps (19) <\/strong>&#8211; <strong>mai 2024<\/strong><\/p>\n\n\n\n<p>Ville de <strong>St Sornin Lavolps (19) <\/strong>&#8211; <strong>mai 2024<\/strong><\/p>\n\n\n\n<p>F\u00eate de juin \u00e0 <strong>La Meyze (87)<\/strong> &#8211; <strong>juin 2024<\/strong><\/p>\n\n\n\n<p>Centre de loisirs de <strong>Coussac Bonneval (87) &#8211; juin 2024<\/strong><\/p>\n\n\n\n<p>Ferme collective de la Tournerie \u00e0 <strong>Coussac Bonneval (87) &#8211; juin 2024<\/strong><\/p>\n\n\n\n<p>Ferme collective de la Tournerie \u00e0 <strong>Coussac Bonneval (87) &#8211; ao\u00fbt 2024<\/strong><\/p>\n\n\n\n<p>Place de la mairie \u00e0 <strong>Bourdeilles (24) &#8211; septembre 2024<\/strong><\/p>\n\n\n\n<p>Stade de Nontron \u00e0<strong> St-Martial-de-Valette (24) &#8211; septembre 2024<\/strong><\/p>\n\n\n\n<div style=\"height:100px\" aria-hidden=\"true\" class=\"wp-block-spacer\"><\/div>\n\n\n\n<hr class=\"wp-block-separator has-alpha-channel-opacity\"\/>\n\n\n\n<div style=\"height:100px\" aria-hidden=\"true\" class=\"wp-block-spacer\"><\/div>\n\n\n\n<h2 class=\"wp-block-heading\">Dates 2023<\/h2>\n\n\n\n<p>Ferme de Visargent \u00e0<strong> Sens sur Seille (71) &#8211; mai 2023<\/strong><\/p>\n\n\n\n<p>Caf\u00e9 associatif \u00ab\u00a0Le Coing\u00a0\u00bb \u00e0<strong> Blanot (71) &#8211; juin 2023<\/strong><\/p>\n\n\n\n<p>Festival \u00ab\u00a0Rire d&rsquo;amour\u00a0\u00bb \u00e0<strong> Lusigny (03) &#8211; juillet<\/strong> <strong>2023<\/strong><\/p>\n\n\n\n<p>Habitat collectif \u00e0<strong> La loge (Bourbonnais) (03) &#8211; ao\u00fbt 2023<\/strong><\/p>\n\n\n\n<p>Ferme \u00e0 <strong>Louroux Hodement (03) &#8211; ao\u00fbt 2023<\/strong><\/p>\n\n\n\n<p>Grand caf\u00e9 \u00e0 <strong>Felletin (23) &#8211; septembre 2023<\/strong><\/p>\n\n\n\n<p>Ecole primaire \u00e0 <strong>Felletin (23) &#8211; octobre 2023<\/strong><\/p>\n\n\n\n<p>Commune de<strong> Gentioux Pigerolles (23) &#8211; octobre 2023<\/strong><\/p>\n\n\n\n<p>Commune de <strong>Peyrelevade (19) &#8211; octobre 2023<\/strong><\/p>\n\n\n\n<p>EHPAD de <strong>Peyrelevade (19) &#8211; octobre 2023<\/strong><\/p>\n","protected":false},"excerpt":{"rendered":"<p>Dates 2026 Ehpad de Ladignac-le-Long (87) &#8211; mai 2025 Ehpad des Cars (87) &#8211; mai 2025 Ehpad de Ch\u00e2lus (87) &#8211; mai 2025 Dates 2025 Ecole maternelle de St Yrieix la Perche (87) &#8211; avril 2025 Ehpad de Lanouaille (24)&#8211; avril 2025 Ecole primaire d&rsquo;Auriac-en-P\u00e9rigord (24) &#8211; avril 2025 Salle des f\u00eates d&rsquo;Auriac-en-P\u00e9rigord (24) &#8211; [&hellip;]<\/p>\n","protected":false},"author":1,"featured_media":0,"parent":247,"menu_order":4,"comment_status":"closed","ping_status":"closed","template":"","meta":{"footnotes":""},"class_list":["post-349","page","type-page","status-publish","hentry"],"_links":{"self":[{"href":"https:\/\/tarabal.fr\/index.php\/wp-json\/wp\/v2\/pages\/349","targetHints":{"allow":["GET"]}}],"collection":[{"href":"https:\/\/tarabal.fr\/index.php\/wp-json\/wp\/v2\/pages"}],"about":[{"href":"https:\/\/tarabal.fr\/index.php\/wp-json\/wp\/v2\/types\/page"}],"author":[{"embeddable":true,"href":"https:\/\/tarabal.fr\/index.php\/wp-json\/wp\/v2\/users\/1"}],"replies":[{"embeddable":true,"href":"https:\/\/tarabal.fr\/index.php\/wp-json\/wp\/v2\/comments?post=349"}],"version-history":[{"count":46,"href":"https:\/\/tarabal.fr\/index.php\/wp-json\/wp\/v2\/pages\/349\/revisions"}],"predecessor-version":[{"id":674,"href":"https:\/\/tarabal.fr\/index.php\/wp-json\/wp\/v2\/pages\/349\/revisions\/674"}],"up":[{"embeddable":true,"href":"https:\/\/tarabal.fr\/index.php\/wp-json\/wp\/v2\/pages\/247"}],"wp:attachment":[{"href":"https:\/\/tarabal.fr\/index.php\/wp-json\/wp\/v2\/media?parent=349"}],"curies":[{"name":"wp","href":"https:\/\/api.w.org\/{rel}","templated":true}]}}