{"id":33,"date":"2024-02-07T17:50:54","date_gmt":"2024-02-07T16:50:54","guid":{"rendered":"http:\/\/tarabal.fr\/?page_id=33"},"modified":"2025-07-29T17:57:18","modified_gmt":"2025-07-29T15:57:18","slug":"qui-sommes-nous","status":"publish","type":"page","link":"https:\/\/tarabal.fr\/index.php\/la-compagnie\/qui-sommes-nous\/","title":{"rendered":"Qui sommes nous ?"},"content":{"rendered":"\n<div style=\"height:100px\" aria-hidden=\"true\" class=\"wp-block-spacer\"><\/div>\n\n\n\n<h4 class=\"wp-block-heading\">La Compagnie TARABAL<\/h4>\n\n\n\n<p>La compagnie Tarabal est en itin\u00e9rance lente avec diverses propositions de temps de rencontres et d\u2019\u00e9change (spectacles, ateliers).<\/p>\n\n\n\n<p>C\u2019est aller au devant des campagnes, proposer de la culture en milieu rural, c\u2019est partager des moments humains, c\u2019est cr\u00e9er des espaces qui font place \u00e0 la convivialit\u00e9, \u00e0 la po\u00e9sie, \u00e0 la musique, \u00e0 la danse. <\/p>\n\n\n\n<p>Le d\u00e9placement \u00e0 cheval fait partie de la vie quotidienne de l&rsquo;\u00e9quipe : exigeant, connect\u00e9 au pr\u00e9sent, vivant, constamment tourn\u00e9 vers l&rsquo;inconnu. <\/p>\n\n\n\n<div style=\"height:100px\" aria-hidden=\"true\" class=\"wp-block-spacer\"><\/div>\n\n\n\n<figure class=\"wp-block-image size-large\"><img loading=\"lazy\" decoding=\"async\" width=\"1024\" height=\"768\" src=\"https:\/\/tarabal.fr\/wp-content\/uploads\/2024\/02\/IMG_20221016_114133-1024x768.jpg\" alt=\"\" class=\"wp-image-87\" srcset=\"https:\/\/tarabal.fr\/wp-content\/uploads\/2024\/02\/IMG_20221016_114133-1024x768.jpg 1024w, https:\/\/tarabal.fr\/wp-content\/uploads\/2024\/02\/IMG_20221016_114133-300x225.jpg 300w, https:\/\/tarabal.fr\/wp-content\/uploads\/2024\/02\/IMG_20221016_114133-768x576.jpg 768w, https:\/\/tarabal.fr\/wp-content\/uploads\/2024\/02\/IMG_20221016_114133-1536x1152.jpg 1536w, https:\/\/tarabal.fr\/wp-content\/uploads\/2024\/02\/IMG_20221016_114133-2048x1536.jpg 2048w\" sizes=\"auto, (max-width: 1024px) 100vw, 1024px\" \/><\/figure>\n\n\n\n<div style=\"height:100px\" aria-hidden=\"true\" class=\"wp-block-spacer\"><\/div>\n\n\n\n<hr class=\"wp-block-separator has-alpha-channel-opacity\"\/>\n\n\n\n<div style=\"height:100px\" aria-hidden=\"true\" class=\"wp-block-spacer\"><\/div>\n\n\n\n<h4 class=\"wp-block-heading\">L&rsquo;\u00e9quipe<\/h4>\n\n\n\n<div style=\"height:100px\" aria-hidden=\"true\" class=\"wp-block-spacer\"><\/div>\n\n\n\n<h5 class=\"wp-block-heading\">C\u00e9cile<\/h5>\n\n\n\n<p>Ing\u00e9nieure en biologie de formation (INSA, 2016), C\u00e9cile s\u2019est par la suite form\u00e9e pendant plusieurs ann\u00e9es <strong>aux c\u00f4t\u00e9s du monde paysan, rural&nbsp;et associatif<\/strong> :<\/p>\n\n\n\n<p>En tant que chef d\u2019exploitation agricole, tout particuli\u00e8rement paysanne-boulang\u00e8re (BPREA 2021),<\/p>\n\n\n\n<p><strong>A<\/strong><strong>ccompagnatrice et accompagnatrice <\/strong><strong>pour des <\/strong><strong>agriculteurs<\/strong> et personnes en reconversion vers le monde agricole, et entre autres form\u00e9e aux<strong> techniques d\u2019\u00e9ducation populaire<\/strong> (2018-2023),<\/p>\n\n\n\n<p><strong>A<\/strong><strong>nimatrice <\/strong><strong>enfants<\/strong> pour des interventions scolaires, projets p\u00e9dagogiques et camps d\u2019\u00e9t\u00e9 au travers du mouvement scout et d\u2019associations rurales (2017-2025).<\/p>\n\n\n\n<p>Elle choisit d\u2019allier ses passions&nbsp;: les <strong>chevaux et la musique depuis enfant<\/strong>, le monde rural et la p\u00e9dagogie pour proposer aujourd\u2019hui spectacles et ateliers sur sa route.<\/p>\n\n\n\n<p><\/p>\n\n\n\n<figure class=\"wp-block-image size-large is-resized\"><img loading=\"lazy\" decoding=\"async\" width=\"683\" height=\"1024\" src=\"https:\/\/tarabal.fr\/wp-content\/uploads\/2024\/02\/DSC01702-683x1024.jpg\" alt=\"\" class=\"wp-image-92\" style=\"width:344px;height:auto\" srcset=\"https:\/\/tarabal.fr\/wp-content\/uploads\/2024\/02\/DSC01702-683x1024.jpg 683w, https:\/\/tarabal.fr\/wp-content\/uploads\/2024\/02\/DSC01702-200x300.jpg 200w, https:\/\/tarabal.fr\/wp-content\/uploads\/2024\/02\/DSC01702-768x1152.jpg 768w, https:\/\/tarabal.fr\/wp-content\/uploads\/2024\/02\/DSC01702-1024x1536.jpg 1024w, https:\/\/tarabal.fr\/wp-content\/uploads\/2024\/02\/DSC01702-1365x2048.jpg 1365w, https:\/\/tarabal.fr\/wp-content\/uploads\/2024\/02\/DSC01702-scaled.jpg 1707w\" sizes=\"auto, (max-width: 683px) 100vw, 683px\" \/><\/figure>\n\n\n\n<div style=\"height:100px\" aria-hidden=\"true\" class=\"wp-block-spacer\"><\/div>\n\n\n\n<h5 class=\"wp-block-heading\">BERTRAND<\/h5>\n\n\n\n<p>Bertrand a commenc\u00e9 par le th\u00e9\u00e2tre de rue en 2012 dans la compagnie \u00ab\u00a0Qui s\u2019y colle\u00a0\u00bb, puis a voyag\u00e9 3 ans en itin\u00e9rance \u00e0 cheval \u00e0 travers l\u2019Europe avec la troupe \u00ab\u00a0Ambulans Th\u00e9\u00e2tre\u00a0\u00bb. Form\u00e9 au<strong> jeu d\u2019acteur <\/strong>avec Pierre Delgazain, au<strong> clown<\/strong> avec Eric Blouet, et au <strong>chant <\/strong>avec Emmanuel Pesnot, il s\u2019est \u00e9galement form\u00e9 \u00e0 la <strong>conduite de chevaux attel\u00e9s<\/strong> et a d\u00e9croch\u00e9 un <strong>dipl\u00f4me de cocher<\/strong> (CS UCAC 2022).<\/p>\n\n\n\n<p>Aujourd\u2019hui musicien pour le trio <a href=\"https:\/\/uguet.net\/\">\u00ab\u00a0<\/a><a href=\"https:\/\/uguet.net\/\" target=\"_blank\" rel=\"noreferrer noopener\">\u00dcguet<\/a><a href=\"https:\/\/uguet.net\/\">\u00ab\u00a0<\/a> (musiques et chants d\u2019Europe) et pour la compagnie <a href=\"https:\/\/www.jeholspectacles.com\/apr%C3%A8s-la-f%C3%AAte-2022\" target=\"_blank\" rel=\"noreferrer noopener\">\u00ab\u00a0Jehol\u00a0\u00bb<\/a> (cirque \u00e9questre), il continue l\u2019itin\u00e9rance avec Tarabal en proposant ces contes, ces musiques, ces chants, ces danses toujours en lien visc\u00e9ral avec la vie d\u2019errance.<\/p>\n\n\n\n<p><\/p>\n\n\n\n<figure class=\"wp-block-image size-large\"><img loading=\"lazy\" decoding=\"async\" width=\"1161\" height=\"774\" src=\"https:\/\/tarabal.fr\/wp-content\/uploads\/2024\/02\/FB_IMG_1692599776353-edited.jpg\" alt=\"\" class=\"wp-image-98\" srcset=\"https:\/\/tarabal.fr\/wp-content\/uploads\/2024\/02\/FB_IMG_1692599776353-edited.jpg 1161w, https:\/\/tarabal.fr\/wp-content\/uploads\/2024\/02\/FB_IMG_1692599776353-edited-300x200.jpg 300w, https:\/\/tarabal.fr\/wp-content\/uploads\/2024\/02\/FB_IMG_1692599776353-edited-1024x683.jpg 1024w, https:\/\/tarabal.fr\/wp-content\/uploads\/2024\/02\/FB_IMG_1692599776353-edited-768x512.jpg 768w\" sizes=\"auto, (max-width: 1161px) 100vw, 1161px\" \/><\/figure>\n\n\n\n<div style=\"height:100px\" aria-hidden=\"true\" class=\"wp-block-spacer\"><\/div>\n\n\n\n<h5 class=\"wp-block-heading\">FELDA<\/h5>\n\n\n\n<p>Felda, moteur de la compagnie, cette jument exp\u00e9riment\u00e9e est sur la route et attel\u00e9e \u00e0 la roulotte Tarabal depuis 2021.<\/p>\n\n\n\n<p>Mais pas que, car elle travaille aussi en d\u00e9bardage, et en l&rsquo;agricole (mara\u00eechage, vignes).<\/p>\n\n\n\n<p><\/p>\n\n\n\n<figure class=\"wp-block-image size-large\"><img loading=\"lazy\" decoding=\"async\" width=\"2530\" height=\"1898\" src=\"https:\/\/tarabal.fr\/wp-content\/uploads\/2024\/02\/20230503_100901-edited.jpg\" alt=\"\" class=\"wp-image-130\" srcset=\"https:\/\/tarabal.fr\/wp-content\/uploads\/2024\/02\/20230503_100901-edited.jpg 2530w, https:\/\/tarabal.fr\/wp-content\/uploads\/2024\/02\/20230503_100901-edited-300x225.jpg 300w, https:\/\/tarabal.fr\/wp-content\/uploads\/2024\/02\/20230503_100901-edited-1024x768.jpg 1024w, https:\/\/tarabal.fr\/wp-content\/uploads\/2024\/02\/20230503_100901-edited-768x576.jpg 768w, https:\/\/tarabal.fr\/wp-content\/uploads\/2024\/02\/20230503_100901-edited-1536x1152.jpg 1536w, https:\/\/tarabal.fr\/wp-content\/uploads\/2024\/02\/20230503_100901-edited-2048x1536.jpg 2048w\" sizes=\"auto, (max-width: 2530px) 100vw, 2530px\" \/><\/figure>\n\n\n\n<div style=\"height:100px\" aria-hidden=\"true\" class=\"wp-block-spacer\"><\/div>\n\n\n\n<h5 class=\"wp-block-heading\">LOUSHKA<\/h5>\n\n\n\n<p>La plus jeune recrue, en phase de d\u00e9bourrage, cette jument vient du Jura et de par son premier pr\u00e9nom de naissance \u00ab\u00a0Libert\u00e9\u00a0\u00bb,  est source d&rsquo;inspiration<\/p>\n\n\n\n<p><\/p>\n\n\n\n<figure class=\"wp-block-image size-large\"><img loading=\"lazy\" decoding=\"async\" width=\"1024\" height=\"768\" src=\"https:\/\/tarabal.fr\/wp-content\/uploads\/2024\/02\/20230604_084329-1024x768.jpg\" alt=\"\" class=\"wp-image-95\" srcset=\"https:\/\/tarabal.fr\/wp-content\/uploads\/2024\/02\/20230604_084329-1024x768.jpg 1024w, https:\/\/tarabal.fr\/wp-content\/uploads\/2024\/02\/20230604_084329-300x225.jpg 300w, https:\/\/tarabal.fr\/wp-content\/uploads\/2024\/02\/20230604_084329-768x576.jpg 768w, https:\/\/tarabal.fr\/wp-content\/uploads\/2024\/02\/20230604_084329-1536x1152.jpg 1536w, https:\/\/tarabal.fr\/wp-content\/uploads\/2024\/02\/20230604_084329-2048x1536.jpg 2048w\" sizes=\"auto, (max-width: 1024px) 100vw, 1024px\" \/><\/figure>\n\n\n\n<div style=\"height:100px\" aria-hidden=\"true\" class=\"wp-block-spacer\"><\/div>\n\n\n\n<h5 class=\"wp-block-heading\">La ROULOTTE KAROUSHKA<\/h5>\n\n\n\n<p>Sur une base de ch\u00e2ssis bulgare KAROUSHKA 2019, la roulotte est \u00e9quip\u00e9e de 2 freins, une toile imperm\u00e9able. Son poids \u00e0 vide est de 600kg.<\/p>\n\n\n\n<p>Elle a \u00e9t\u00e9 fabriqu\u00e9e sur la route et est compos\u00e9e en grande partie de mat\u00e9riaux de r\u00e9cup\u00e9ration.<\/p>\n\n\n\n<p>Son po\u00eale \u00e0 bois permet \u00e0 la compagnie de voyager en toutes saisons.<\/p>\n\n\n\n<p><\/p>\n\n\n\n<figure class=\"wp-block-image size-large\"><img loading=\"lazy\" decoding=\"async\" width=\"2095\" height=\"1571\" src=\"https:\/\/tarabal.fr\/wp-content\/uploads\/2024\/02\/IMG_20190821_125543-edited.jpg\" alt=\"\" class=\"wp-image-134\" srcset=\"https:\/\/tarabal.fr\/wp-content\/uploads\/2024\/02\/IMG_20190821_125543-edited.jpg 2095w, https:\/\/tarabal.fr\/wp-content\/uploads\/2024\/02\/IMG_20190821_125543-edited-300x225.jpg 300w, https:\/\/tarabal.fr\/wp-content\/uploads\/2024\/02\/IMG_20190821_125543-edited-1024x768.jpg 1024w, https:\/\/tarabal.fr\/wp-content\/uploads\/2024\/02\/IMG_20190821_125543-edited-768x576.jpg 768w, https:\/\/tarabal.fr\/wp-content\/uploads\/2024\/02\/IMG_20190821_125543-edited-1536x1152.jpg 1536w, https:\/\/tarabal.fr\/wp-content\/uploads\/2024\/02\/IMG_20190821_125543-edited-2048x1536.jpg 2048w\" sizes=\"auto, (max-width: 2095px) 100vw, 2095px\" \/><\/figure>\n\n\n\n<div style=\"height:100px\" aria-hidden=\"true\" class=\"wp-block-spacer\"><\/div>\n\n\n\n<h5 class=\"wp-block-heading\">La ROULOTTE EN PAIRE<\/h5>\n\n\n\n<p>Dimensions&nbsp;: 5m de long, 2m10 de large<\/p>\n\n\n\n<p>Poids&nbsp;\u00e0 vide: 700 kg<\/p>\n\n\n\n<p>Autonome en \u00e9lectricit\u00e9 (solaire)<\/p>\n\n\n\n<p>Conduite en paire, par son faible poids, cette roulotte permet de ne pas prendre en compte le d\u00e9nivel\u00e9 dans les choix d\u2019itin\u00e9raire, extr\u00eame luxe pour des voyageurs en hippomobile&nbsp;!<\/p>\n\n\n\n<p>Elle a \u00e9t\u00e9 construite en Ari\u00e8ge, en 2019 par des amis voyageurs.<\/p>\n\n\n\n<p><\/p>\n\n\n\n<figure class=\"wp-block-image size-large\"><img loading=\"lazy\" decoding=\"async\" width=\"1024\" height=\"768\" src=\"https:\/\/tarabal.fr\/wp-content\/uploads\/2024\/11\/20240827_151859-1024x768.jpg\" alt=\"\" class=\"wp-image-451\" srcset=\"https:\/\/tarabal.fr\/wp-content\/uploads\/2024\/11\/20240827_151859-1024x768.jpg 1024w, https:\/\/tarabal.fr\/wp-content\/uploads\/2024\/11\/20240827_151859-300x225.jpg 300w, https:\/\/tarabal.fr\/wp-content\/uploads\/2024\/11\/20240827_151859-768x576.jpg 768w, https:\/\/tarabal.fr\/wp-content\/uploads\/2024\/11\/20240827_151859-1536x1152.jpg 1536w, https:\/\/tarabal.fr\/wp-content\/uploads\/2024\/11\/20240827_151859-2048x1536.jpg 2048w\" sizes=\"auto, (max-width: 1024px) 100vw, 1024px\" \/><\/figure>\n","protected":false},"excerpt":{"rendered":"<p>La Compagnie TARABAL La compagnie Tarabal est en itin\u00e9rance lente avec diverses propositions de temps de rencontres et d\u2019\u00e9change (spectacles, ateliers). C\u2019est aller au devant des campagnes, proposer de la culture en milieu rural, c\u2019est partager des moments humains, c\u2019est cr\u00e9er des espaces qui font place \u00e0 la convivialit\u00e9, \u00e0 la po\u00e9sie, \u00e0 la musique, [&hellip;]<\/p>\n","protected":false},"author":1,"featured_media":0,"parent":247,"menu_order":1,"comment_status":"closed","ping_status":"closed","template":"","meta":{"footnotes":""},"class_list":["post-33","page","type-page","status-publish","hentry"],"_links":{"self":[{"href":"https:\/\/tarabal.fr\/index.php\/wp-json\/wp\/v2\/pages\/33","targetHints":{"allow":["GET"]}}],"collection":[{"href":"https:\/\/tarabal.fr\/index.php\/wp-json\/wp\/v2\/pages"}],"about":[{"href":"https:\/\/tarabal.fr\/index.php\/wp-json\/wp\/v2\/types\/page"}],"author":[{"embeddable":true,"href":"https:\/\/tarabal.fr\/index.php\/wp-json\/wp\/v2\/users\/1"}],"replies":[{"embeddable":true,"href":"https:\/\/tarabal.fr\/index.php\/wp-json\/wp\/v2\/comments?post=33"}],"version-history":[{"count":33,"href":"https:\/\/tarabal.fr\/index.php\/wp-json\/wp\/v2\/pages\/33\/revisions"}],"predecessor-version":[{"id":641,"href":"https:\/\/tarabal.fr\/index.php\/wp-json\/wp\/v2\/pages\/33\/revisions\/641"}],"up":[{"embeddable":true,"href":"https:\/\/tarabal.fr\/index.php\/wp-json\/wp\/v2\/pages\/247"}],"wp:attachment":[{"href":"https:\/\/tarabal.fr\/index.php\/wp-json\/wp\/v2\/media?parent=33"}],"curies":[{"name":"wp","href":"https:\/\/api.w.org\/{rel}","templated":true}]}}