{"id":25,"date":"2024-02-07T17:47:43","date_gmt":"2024-02-07T16:47:43","guid":{"rendered":"http:\/\/tarabal.fr\/?page_id=25"},"modified":"2026-01-08T13:21:54","modified_gmt":"2026-01-08T12:21:54","slug":"ateliers-ehpad","status":"publish","type":"page","link":"https:\/\/tarabal.fr\/index.php\/les-ateliers\/ateliers-ehpad\/","title":{"rendered":"Ateliers EHPAD"},"content":{"rendered":"\n<p><\/p>\n\n\n\n<p>La roulotte passe aussi dans les EHPAD. <\/p>\n\n\n\n<p>La compagnie peut alors proposer 3 grands axes :<\/p>\n\n\n\n<ul class=\"wp-block-list\">\n<li><strong>la musique et la danse<\/strong> : C&rsquo;est l&rsquo;occasion de faire rencontrer les r\u00e9sidents autour de la danse et de la musique, th\u00e9matiques qui font souvent \u00e9chos pour plus d&rsquo;un. Les souvenirs viennent, le temps de bals hebdomadaires, des rencontres aux bals, les bals des pompiers&#8230; Nous prenons le temps de les raviver, et de vivre un moment de musique, de faire valser les t\u00eates, d&rsquo;initier quelques mouvements<\/li>\n\n\n\n<li><strong>la m\u00e9diation animale<\/strong> : Ce terme d\u00e9signe la \u00ab mise en relation intentionnelle entre l\u2019homme et l\u2019animal domestique ou familier dans le cadre d\u2019un programme social, th\u00e9rapeutique ou \u00e9ducatif, dans l\u2019int\u00e9r\u00eat de l\u2019un et le respect de l\u2019autre\u00bb . La pr\u00e9sence des animaux sur place agit \u00e0 plusieurs niveaux, elle permet notamment :\n<ul class=\"wp-block-list\">\n<li>Aux r\u00e9sidents d&rsquo;entrer en relation avec un autre \u00eatre vivant, le cheval, pour certains cela peut faciliter l&rsquo;interaction avec autrui<\/li>\n\n\n\n<li>D&rsquo;apporter un nouvel \u00e9l\u00e9ment, stimulant, permettant un moment de coh\u00e9sion et d&rsquo;\u00e9change entre r\u00e9sidents et avec le personnel soignant<\/li>\n\n\n\n<li>De stimuler les sens : le cheval a une odeur, un bruit, un toucher et permet de d\u00e9velopper l&rsquo;\u00e9coute et l&rsquo;attention<\/li>\n\n\n\n<li>De raviver des souvenirs : beaucoup de personnes \u00e2g\u00e9es ont connu l&rsquo;utilisation du cheval dans la vie quotidienne de l&rsquo;\u00e9poque, pour nombreux le cheval repr\u00e9sente un beau souvenir<\/li>\n\n\n\n<li>De stimuler la motricit\u00e9, de part des propositions de toucher le cheval, le caresser, le brosser, donner du sens \u00e0 la marche<\/li>\n<\/ul>\n<\/li>\n<\/ul>\n\n\n\n<p><\/p>\n\n\n\n<ul class=\"wp-block-list\">\n<li><strong>\u00ab\u00a0Les belles histoires\u00a0\u00bb :<\/strong> R\u00e9cit de voyage comportant des histoires histoires locales, et surtout de belles histoires, tir\u00e9es par les r\u00e9sidents \u00e0 partir d&rsquo;un chapeau et refl\u00e9tant le voyage, les rencontres et la solidarit\u00e9<\/li>\n<\/ul>\n\n\n\n<div style=\"height:100px\" aria-hidden=\"true\" class=\"wp-block-spacer\"><\/div>\n\n\n\n<p>La roulotte propose d&rsquo;amener ces moments qui visent l&rsquo;apaisement, l&rsquo;expression, la m\u00e9moire et la mobilit\u00e9 des personnes b\u00e9n\u00e9ficiaires.<\/p>\n\n\n\n<div style=\"height:100px\" aria-hidden=\"true\" class=\"wp-block-spacer\"><\/div>\n\n\n\n<figure class=\"wp-block-image size-large\"><img loading=\"lazy\" decoding=\"async\" width=\"1024\" height=\"768\" src=\"https:\/\/tarabal.fr\/wp-content\/uploads\/2025\/04\/photo_2025-04-30_15-34-30-1024x768.jpg\" alt=\"\" class=\"wp-image-564\" srcset=\"https:\/\/tarabal.fr\/wp-content\/uploads\/2025\/04\/photo_2025-04-30_15-34-30-1024x768.jpg 1024w, https:\/\/tarabal.fr\/wp-content\/uploads\/2025\/04\/photo_2025-04-30_15-34-30-300x225.jpg 300w, https:\/\/tarabal.fr\/wp-content\/uploads\/2025\/04\/photo_2025-04-30_15-34-30-150x113.jpg 150w, https:\/\/tarabal.fr\/wp-content\/uploads\/2025\/04\/photo_2025-04-30_15-34-30-768x576.jpg 768w, https:\/\/tarabal.fr\/wp-content\/uploads\/2025\/04\/photo_2025-04-30_15-34-30.jpg 1280w\" sizes=\"auto, (max-width: 1024px) 100vw, 1024px\" \/><\/figure>\n\n\n\n<figure class=\"wp-block-image size-full\"><img loading=\"lazy\" decoding=\"async\" width=\"1280\" height=\"960\" src=\"https:\/\/tarabal.fr\/wp-content\/uploads\/2025\/04\/photo_2025-04-30_15-34-27.jpg\" alt=\"\" class=\"wp-image-563\" srcset=\"https:\/\/tarabal.fr\/wp-content\/uploads\/2025\/04\/photo_2025-04-30_15-34-27.jpg 1280w, https:\/\/tarabal.fr\/wp-content\/uploads\/2025\/04\/photo_2025-04-30_15-34-27-300x225.jpg 300w, https:\/\/tarabal.fr\/wp-content\/uploads\/2025\/04\/photo_2025-04-30_15-34-27-1024x768.jpg 1024w, https:\/\/tarabal.fr\/wp-content\/uploads\/2025\/04\/photo_2025-04-30_15-34-27-150x113.jpg 150w, https:\/\/tarabal.fr\/wp-content\/uploads\/2025\/04\/photo_2025-04-30_15-34-27-768x576.jpg 768w\" sizes=\"auto, (max-width: 1280px) 100vw, 1280px\" \/><\/figure>\n\n\n\n<div style=\"height:100px\" aria-hidden=\"true\" class=\"wp-block-spacer\"><\/div>\n\n\n\n<blockquote class=\"wp-block-quote is-layout-flow wp-block-quote-is-layout-flow\">\n<p>La musique est au centre, <\/p>\n\n\n\n<p>s&rsquo;adapte aux envies des r\u00e9sidents, des souvenirs, des v\u00e9cus,<\/p>\n\n\n\n<p>invite chacun et chacune \u00e0 se connecter comme il l&rsquo;entend et le sent<\/p>\n<\/blockquote>\n\n\n\n<p><\/p>\n","protected":false},"excerpt":{"rendered":"<p>La roulotte passe aussi dans les EHPAD. La compagnie peut alors proposer 3 grands axes : La roulotte propose d&rsquo;amener ces moments qui visent l&rsquo;apaisement, l&rsquo;expression, la m\u00e9moire et la mobilit\u00e9 des personnes b\u00e9n\u00e9ficiaires. La musique est au centre, s&rsquo;adapte aux envies des r\u00e9sidents, des souvenirs, des v\u00e9cus, invite chacun et chacune \u00e0 se connecter [&hellip;]<\/p>\n","protected":false},"author":1,"featured_media":0,"parent":29,"menu_order":2,"comment_status":"closed","ping_status":"closed","template":"","meta":{"footnotes":""},"class_list":["post-25","page","type-page","status-publish","hentry"],"_links":{"self":[{"href":"https:\/\/tarabal.fr\/index.php\/wp-json\/wp\/v2\/pages\/25","targetHints":{"allow":["GET"]}}],"collection":[{"href":"https:\/\/tarabal.fr\/index.php\/wp-json\/wp\/v2\/pages"}],"about":[{"href":"https:\/\/tarabal.fr\/index.php\/wp-json\/wp\/v2\/types\/page"}],"author":[{"embeddable":true,"href":"https:\/\/tarabal.fr\/index.php\/wp-json\/wp\/v2\/users\/1"}],"replies":[{"embeddable":true,"href":"https:\/\/tarabal.fr\/index.php\/wp-json\/wp\/v2\/comments?post=25"}],"version-history":[{"count":17,"href":"https:\/\/tarabal.fr\/index.php\/wp-json\/wp\/v2\/pages\/25\/revisions"}],"predecessor-version":[{"id":658,"href":"https:\/\/tarabal.fr\/index.php\/wp-json\/wp\/v2\/pages\/25\/revisions\/658"}],"up":[{"embeddable":true,"href":"https:\/\/tarabal.fr\/index.php\/wp-json\/wp\/v2\/pages\/29"}],"wp:attachment":[{"href":"https:\/\/tarabal.fr\/index.php\/wp-json\/wp\/v2\/media?parent=25"}],"curies":[{"name":"wp","href":"https:\/\/api.w.org\/{rel}","templated":true}]}}