{"id":23,"date":"2024-02-07T17:47:23","date_gmt":"2024-02-07T16:47:23","guid":{"rendered":"http:\/\/tarabal.fr\/?page_id=23"},"modified":"2025-09-04T20:07:06","modified_gmt":"2025-09-04T18:07:06","slug":"ateliers-ecoles","status":"publish","type":"page","link":"https:\/\/tarabal.fr\/index.php\/les-ateliers\/ateliers-ecoles\/","title":{"rendered":"Ateliers \u00e9coles et centres de loisirs"},"content":{"rendered":"\n<div style=\"height:100px\" aria-hidden=\"true\" class=\"wp-block-spacer\"><\/div>\n\n\n\n<figure class=\"wp-block-video\"><video height=\"2160\" style=\"aspect-ratio: 3840 \/ 2160;\" width=\"3840\" controls src=\"https:\/\/tarabal.fr\/wp-content\/uploads\/2025\/09\/Teaser-Tarabal-Ecoles-2025-2-r.mov\"><\/video><\/figure>\n\n\n\n<div style=\"height:100px\" aria-hidden=\"true\" class=\"wp-block-spacer\"><\/div>\n\n\n\n<p>La roulotte propose diff\u00e9rents ateliers avec les \u00e9coles maternelles, primaires et centres de loisirs.<\/p>\n\n\n\n<p><\/p>\n\n\n\n<p>Ces ateliers peuvent prendre la forme suivante, ou \u00eatre adapt\u00e9s au besoin :<\/p>\n\n\n\n<ul class=\"wp-block-list\">\n<li><strong>Atelier musique <\/strong>: d\u00e9couverte de l\u2019accord\u00e9on, de la clarinette, travail autour de l&rsquo;\u00e9coute, des sonorit\u00e9s, exploration et partition de percussions corporelles<\/li>\n\n\n\n<li><strong>Atelier danse&nbsp;: <\/strong>d\u00e9couverte d\u2019une palette de mouvements, travail autour de la respiration, &nbsp;le corps , la conscience, l\u2019espace, l\u2019\u00e9coute de son corps, cr\u00e9er seul, l\u2019\u00e9coute et la cr\u00e9ation en collectif. La musique pourra \u00eatre en live avec l\u2019accord\u00e9on.<\/li>\n\n\n\n<li><strong>Atelier roulotte : <\/strong>les diff\u00e9rentes parties de la roulotte, l\u2019int\u00e9rieur de la roulotte, le fonctionnement et les enjeux de la traction animale, la vie quotidienne en voyage, le choix de ce mode de d\u00e9placement et de la vie nomade<\/li>\n\n\n\n<li><strong>Atelier chevaux&nbsp;:<\/strong> observations des chevaux, le cheval de trait, le langage et l\u2019\u00e9coute du cheval, le cheval \u00e0 l\u2019\u00e9tat sauvage, les interactions intraesp\u00e8ces, la relation homme-cheval, l\u2019\u00e9ducation du cheval, le pied du cheval, le travail en libert\u00e9, le mat\u00e9riel, le quotidien avec les chevaux<\/li>\n\n\n\n<li><strong>Conte<\/strong> en musique (accord\u00e9on-clarinette) autour du voyage<\/li>\n<\/ul>\n\n\n\n<p><\/p>\n\n\n\n<p><\/p>\n\n\n\n<div style=\"height:100px\" aria-hidden=\"true\" class=\"wp-block-spacer\"><\/div>\n\n\n\n<figure class=\"wp-block-image size-large\"><img loading=\"lazy\" decoding=\"async\" width=\"1024\" height=\"768\" src=\"https:\/\/tarabal.fr\/wp-content\/uploads\/2024\/04\/photo_Sornac-1-1024x768.jpg\" alt=\"\" class=\"wp-image-338\" srcset=\"https:\/\/tarabal.fr\/wp-content\/uploads\/2024\/04\/photo_Sornac-1-1024x768.jpg 1024w, https:\/\/tarabal.fr\/wp-content\/uploads\/2024\/04\/photo_Sornac-1-300x225.jpg 300w, https:\/\/tarabal.fr\/wp-content\/uploads\/2024\/04\/photo_Sornac-1-768x576.jpg 768w, https:\/\/tarabal.fr\/wp-content\/uploads\/2024\/04\/photo_Sornac-1.jpg 1280w\" sizes=\"auto, (max-width: 1024px) 100vw, 1024px\" \/><\/figure>\n\n\n\n<figure class=\"wp-block-image size-large\"><img loading=\"lazy\" decoding=\"async\" width=\"1024\" height=\"768\" src=\"https:\/\/tarabal.fr\/wp-content\/uploads\/2024\/02\/ECOLE-photo_2023-12-05_19-52-25-1024x768.jpg\" alt=\"\" class=\"wp-image-165\" srcset=\"https:\/\/tarabal.fr\/wp-content\/uploads\/2024\/02\/ECOLE-photo_2023-12-05_19-52-25-1024x768.jpg 1024w, https:\/\/tarabal.fr\/wp-content\/uploads\/2024\/02\/ECOLE-photo_2023-12-05_19-52-25-300x225.jpg 300w, https:\/\/tarabal.fr\/wp-content\/uploads\/2024\/02\/ECOLE-photo_2023-12-05_19-52-25-768x576.jpg 768w, https:\/\/tarabal.fr\/wp-content\/uploads\/2024\/02\/ECOLE-photo_2023-12-05_19-52-25.jpg 1280w\" sizes=\"auto, (max-width: 1024px) 100vw, 1024px\" \/><\/figure>\n\n\n\n<p>L&rsquo;\u00e9change peut durer 1\/2 journ\u00e9e \u00e0 1 journ\u00e9e selon les envies et disposition de l&rsquo;\u00e9cole, voire m\u00eame plusieurs jours !<\/p>\n\n\n\n<div style=\"height:100px\" aria-hidden=\"true\" class=\"wp-block-spacer\"><\/div>\n\n\n\n<p>Exemple d\u2019une journ\u00e9e \u00e0 l\u2019\u00e9cole primaire de Felletin (Creuse) avec 86 enfants r\u00e9partis en 4 groupes :<\/p>\n\n\n\n<figure class=\"wp-block-image size-large\"><img loading=\"lazy\" decoding=\"async\" width=\"1024\" height=\"271\" src=\"https:\/\/tarabal.fr\/wp-content\/uploads\/2024\/02\/Tableau-ecole-1024x271.png\" alt=\"\" class=\"wp-image-187\" srcset=\"https:\/\/tarabal.fr\/wp-content\/uploads\/2024\/02\/Tableau-ecole-1024x271.png 1024w, https:\/\/tarabal.fr\/wp-content\/uploads\/2024\/02\/Tableau-ecole-300x79.png 300w, https:\/\/tarabal.fr\/wp-content\/uploads\/2024\/02\/Tableau-ecole-768x203.png 768w, https:\/\/tarabal.fr\/wp-content\/uploads\/2024\/02\/Tableau-ecole.png 1289w\" sizes=\"auto, (max-width: 1024px) 100vw, 1024px\" \/><\/figure>\n\n\n\n<div style=\"height:100px\" aria-hidden=\"true\" class=\"wp-block-spacer\"><\/div>\n\n\n\n<p>Exemple de 2 journ\u00e9es \u00e0 l\u2019\u00e9cole maternelle de Saint-Sornin-Lavolps (Corr\u00e8ze) avec 28 enfants&nbsp;en 1 seul groupe :<\/p>\n\n\n\n<figure class=\"wp-block-image size-full\"><img loading=\"lazy\" decoding=\"async\" width=\"901\" height=\"387\" src=\"https:\/\/tarabal.fr\/wp-content\/uploads\/2024\/11\/Tableau-classe-2-jours-1.png\" alt=\"\" class=\"wp-image-521\" srcset=\"https:\/\/tarabal.fr\/wp-content\/uploads\/2024\/11\/Tableau-classe-2-jours-1.png 901w, https:\/\/tarabal.fr\/wp-content\/uploads\/2024\/11\/Tableau-classe-2-jours-1-300x129.png 300w, https:\/\/tarabal.fr\/wp-content\/uploads\/2024\/11\/Tableau-classe-2-jours-1-150x64.png 150w, https:\/\/tarabal.fr\/wp-content\/uploads\/2024\/11\/Tableau-classe-2-jours-1-768x330.png 768w\" sizes=\"auto, (max-width: 901px) 100vw, 901px\" \/><\/figure>\n\n\n\n<div style=\"height:100px\" aria-hidden=\"true\" class=\"wp-block-spacer\"><\/div>\n\n\n\n<p class=\"has-small-font-size\"><br>Nous cr\u00e9ons le programme avec vous, en fonction de votre demande et de vos besoins.<\/p>\n\n\n\n<p><\/p>\n","protected":false},"excerpt":{"rendered":"<p>La roulotte propose diff\u00e9rents ateliers avec les \u00e9coles maternelles, primaires et centres de loisirs. Ces ateliers peuvent prendre la forme suivante, ou \u00eatre adapt\u00e9s au besoin : L&rsquo;\u00e9change peut durer 1\/2 journ\u00e9e \u00e0 1 journ\u00e9e selon les envies et disposition de l&rsquo;\u00e9cole, voire m\u00eame plusieurs jours ! Exemple d\u2019une journ\u00e9e \u00e0 l\u2019\u00e9cole primaire de Felletin [&hellip;]<\/p>\n","protected":false},"author":1,"featured_media":0,"parent":29,"menu_order":1,"comment_status":"closed","ping_status":"closed","template":"","meta":{"footnotes":""},"class_list":["post-23","page","type-page","status-publish","hentry"],"_links":{"self":[{"href":"https:\/\/tarabal.fr\/index.php\/wp-json\/wp\/v2\/pages\/23","targetHints":{"allow":["GET"]}}],"collection":[{"href":"https:\/\/tarabal.fr\/index.php\/wp-json\/wp\/v2\/pages"}],"about":[{"href":"https:\/\/tarabal.fr\/index.php\/wp-json\/wp\/v2\/types\/page"}],"author":[{"embeddable":true,"href":"https:\/\/tarabal.fr\/index.php\/wp-json\/wp\/v2\/users\/1"}],"replies":[{"embeddable":true,"href":"https:\/\/tarabal.fr\/index.php\/wp-json\/wp\/v2\/comments?post=23"}],"version-history":[{"count":23,"href":"https:\/\/tarabal.fr\/index.php\/wp-json\/wp\/v2\/pages\/23\/revisions"}],"predecessor-version":[{"id":648,"href":"https:\/\/tarabal.fr\/index.php\/wp-json\/wp\/v2\/pages\/23\/revisions\/648"}],"up":[{"embeddable":true,"href":"https:\/\/tarabal.fr\/index.php\/wp-json\/wp\/v2\/pages\/29"}],"wp:attachment":[{"href":"https:\/\/tarabal.fr\/index.php\/wp-json\/wp\/v2\/media?parent=23"}],"curies":[{"name":"wp","href":"https:\/\/api.w.org\/{rel}","templated":true}]}}