{"id":177,"date":"2024-02-11T20:06:05","date_gmt":"2024-02-11T19:06:05","guid":{"rendered":"https:\/\/tarabal.fr\/?page_id=177"},"modified":"2024-11-04T18:46:12","modified_gmt":"2024-11-04T17:46:12","slug":"les-galettes","status":"publish","type":"page","link":"https:\/\/tarabal.fr\/index.php\/les-ateliers\/les-galettes\/","title":{"rendered":"Les galettes"},"content":{"rendered":"\n<p>La roulotte se d\u00e9place sur les \u00e9v\u00e9nements associatifs, communaux, march\u00e9s, &#8230; pour vous proposer un moment convivial et des galettes !<\/p>\n\n\n\n<p>La fabrication des galettes (ou cr\u00eapes) est artisanale, avec des ingr\u00e9dients issus de l&rsquo;agriculture biologique et locale au maximum.<\/p>\n\n\n\n<p>Les membres de l&rsquo;\u00e9quipe seront contents d&rsquo;allier la confection des galettes et cr\u00eapes en m\u00eame temps que des \u00e9changes autour de la roulotte et des chevaux, souvent pas bien bien loin&#8230; ou d&rsquo;un brin de musique !<\/p>\n\n\n\n<p><\/p>\n\n\n\n<p><\/p>\n","protected":false},"excerpt":{"rendered":"<p>La roulotte se d\u00e9place sur les \u00e9v\u00e9nements associatifs, communaux, march\u00e9s, &#8230; pour vous proposer un moment convivial et des galettes ! La fabrication des galettes (ou cr\u00eapes) est artisanale, avec des ingr\u00e9dients issus de l&rsquo;agriculture biologique et locale au maximum. Les membres de l&rsquo;\u00e9quipe seront contents d&rsquo;allier la confection des galettes et cr\u00eapes en m\u00eame [&hellip;]<\/p>\n","protected":false},"author":1,"featured_media":0,"parent":29,"menu_order":5,"comment_status":"closed","ping_status":"closed","template":"","meta":{"footnotes":""},"class_list":["post-177","page","type-page","status-publish","hentry"],"_links":{"self":[{"href":"https:\/\/tarabal.fr\/index.php\/wp-json\/wp\/v2\/pages\/177","targetHints":{"allow":["GET"]}}],"collection":[{"href":"https:\/\/tarabal.fr\/index.php\/wp-json\/wp\/v2\/pages"}],"about":[{"href":"https:\/\/tarabal.fr\/index.php\/wp-json\/wp\/v2\/types\/page"}],"author":[{"embeddable":true,"href":"https:\/\/tarabal.fr\/index.php\/wp-json\/wp\/v2\/users\/1"}],"replies":[{"embeddable":true,"href":"https:\/\/tarabal.fr\/index.php\/wp-json\/wp\/v2\/comments?post=177"}],"version-history":[{"count":4,"href":"https:\/\/tarabal.fr\/index.php\/wp-json\/wp\/v2\/pages\/177\/revisions"}],"predecessor-version":[{"id":183,"href":"https:\/\/tarabal.fr\/index.php\/wp-json\/wp\/v2\/pages\/177\/revisions\/183"}],"up":[{"embeddable":true,"href":"https:\/\/tarabal.fr\/index.php\/wp-json\/wp\/v2\/pages\/29"}],"wp:attachment":[{"href":"https:\/\/tarabal.fr\/index.php\/wp-json\/wp\/v2\/media?parent=177"}],"curies":[{"name":"wp","href":"https:\/\/api.w.org\/{rel}","templated":true}]}}