{"id":17,"date":"2024-02-07T17:46:20","date_gmt":"2024-02-07T16:46:20","guid":{"rendered":"http:\/\/tarabal.fr\/?page_id=17"},"modified":"2025-06-01T12:42:28","modified_gmt":"2025-06-01T10:42:28","slug":"contes","status":"publish","type":"page","link":"https:\/\/tarabal.fr\/index.php\/les-creations\/les-differents-spectacles\/contes\/","title":{"rendered":"Contes musicaux"},"content":{"rendered":"\n<h4 class=\"wp-block-heading\">Alizure<\/h4>\n\n\n\n<p>Alizure cherche co\u00fbte que co\u00fbte un sourire<\/p>\n\n\n\n<p>Un conte musical initiatique sur le th\u00e8me du voyage, dans une \u00e9poque et un monde imaginaire o\u00f9 les oiseaux parlent et les mendiants Klezmorim respirent la joie de vivre<\/p>\n\n\n\n<p><em>R\u00e9cit, a<\/em><em>ccord\u00e9on, clarinette, chant<\/em><\/p>\n\n\n\n<p><em>Possibilit\u00e9 de repr\u00e9sentation devant la roulotte, mais aussi dans une cour, une salle, en grand et petit comit\u00e9, &#8230;<\/em><\/p>\n\n\n\n<p><em>Public enfants 4-12 ans<\/em><\/p>\n\n\n\n<p><em>Dur\u00e9e : 20 minutes<\/em><\/p>\n\n\n\n<div style=\"height:100px\" aria-hidden=\"true\" class=\"wp-block-spacer\"><\/div>\n\n\n\n<p>Extrait audio \u00ab\u00a0Alizure\u00a0\u00bb :<\/p>\n\n\n\n<figure class=\"wp-block-audio\"><audio controls src=\"https:\/\/tarabal.fr\/wp-content\/uploads\/2024\/04\/alizure_passage-fin-roulotte.mp3\"><\/audio><\/figure>\n\n\n\n<div style=\"height:100px\" aria-hidden=\"true\" class=\"wp-block-spacer\"><\/div>\n\n\n\n<figure class=\"wp-block-gallery has-nested-images columns-default is-cropped wp-block-gallery-1 is-layout-flex wp-block-gallery-is-layout-flex\">\n<figure class=\"wp-block-image size-large is-style-rounded\"><img loading=\"lazy\" decoding=\"async\" width=\"1024\" height=\"768\" data-id=\"106\" src=\"https:\/\/tarabal.fr\/wp-content\/uploads\/2024\/02\/20231002_160559-1024x768.jpg\" alt=\"\" class=\"wp-image-106\" srcset=\"https:\/\/tarabal.fr\/wp-content\/uploads\/2024\/02\/20231002_160559-1024x768.jpg 1024w, https:\/\/tarabal.fr\/wp-content\/uploads\/2024\/02\/20231002_160559-300x225.jpg 300w, https:\/\/tarabal.fr\/wp-content\/uploads\/2024\/02\/20231002_160559-768x576.jpg 768w, https:\/\/tarabal.fr\/wp-content\/uploads\/2024\/02\/20231002_160559-1536x1152.jpg 1536w, https:\/\/tarabal.fr\/wp-content\/uploads\/2024\/02\/20231002_160559-2048x1536.jpg 2048w\" sizes=\"auto, (max-width: 1024px) 100vw, 1024px\" \/><\/figure>\n<\/figure>\n\n\n\n<div style=\"height:100px\" aria-hidden=\"true\" class=\"wp-block-spacer\"><\/div>\n\n\n\n<hr class=\"wp-block-separator has-alpha-channel-opacity\"\/>\n\n\n\n<div style=\"height:100px\" aria-hidden=\"true\" class=\"wp-block-spacer\"><\/div>\n\n\n\n<h4 class=\"wp-block-heading\">Le voyage de la roulotte<\/h4>\n\n\n\n<p>Des roulottiers content leur journ\u00e9e : le r\u00e9veil au son des oiseaux, la pr\u00e9paration des chevaux pour la journ\u00e9e, le rythme des pas des chevaux qui avancent et des paysages qui d\u00e9filent, et le partage de derni\u00e8res musiques au coin du feu.<\/p>\n\n\n\n<p>Moment d&rsquo;\u00e9veil musical et d&rsquo;histoire pour enfants<\/p>\n\n\n\n<p><em>R\u00e9cit, accord\u00e9on, clarinette, percussion, chant, mouvements<\/em><\/p>\n\n\n\n<p><em>Public enfants 1-6 ans<\/em><\/p>\n\n\n\n<p><em>Dur\u00e9e : 20 minutes<\/em><\/p>\n\n\n\n<div style=\"height:100px\" aria-hidden=\"true\" class=\"wp-block-spacer\"><\/div>\n\n\n\n<figure class=\"wp-block-image size-large is-style-rounded\"><img loading=\"lazy\" decoding=\"async\" width=\"1024\" height=\"683\" src=\"https:\/\/tarabal.fr\/wp-content\/uploads\/2024\/04\/TARABAL0281-1024x683.jpg\" alt=\"\" class=\"wp-image-337\" srcset=\"https:\/\/tarabal.fr\/wp-content\/uploads\/2024\/04\/TARABAL0281-1024x683.jpg 1024w, https:\/\/tarabal.fr\/wp-content\/uploads\/2024\/04\/TARABAL0281-300x200.jpg 300w, https:\/\/tarabal.fr\/wp-content\/uploads\/2024\/04\/TARABAL0281-768x512.jpg 768w, https:\/\/tarabal.fr\/wp-content\/uploads\/2024\/04\/TARABAL0281-1536x1024.jpg 1536w, https:\/\/tarabal.fr\/wp-content\/uploads\/2024\/04\/TARABAL0281-2048x1365.jpg 2048w\" sizes=\"auto, (max-width: 1024px) 100vw, 1024px\" \/><\/figure>\n\n\n\n<div style=\"height:100px\" aria-hidden=\"true\" class=\"wp-block-spacer\"><\/div>\n\n\n\n<p><\/p>\n\n\n\n<hr class=\"wp-block-separator has-alpha-channel-opacity\"\/>\n\n\n\n<div style=\"height:100px\" aria-hidden=\"true\" class=\"wp-block-spacer\"><\/div>\n\n\n\n<h4 class=\"wp-block-heading\">Les contes sur le th\u00e8me du voyage&nbsp;(en cours de cr\u00e9ation):<\/h4>\n\n\n\n<p>Des cr\u00e9ations inspir\u00e9es d\u2019histoires vraies et actuelles de voyageurs et qui ont la m\u00eame passion pour la d\u00e9brouillardise sans un sous.<\/p>\n\n\n\n<p>Dans chaque histoire la musique, la danse, la po\u00e9sie invitera \u00e0 laisser vivre l\u2019imagination de chacun.<\/p>\n\n\n\n<blockquote class=\"wp-block-quote is-layout-flow wp-block-quote-is-layout-flow\">\n<p>Prenons le temps ensemble, <br>le voyage am\u00e8ne la d\u00e9tente,<br>faisons place en nous,<br> la d\u00e9tente et l\u2019espace am\u00e8ne au r\u00eave<\/p>\n<\/blockquote>\n\n\n\n<div style=\"height:100px\" aria-hidden=\"true\" class=\"wp-block-spacer\"><\/div>\n\n\n\n<figure class=\"wp-block-image size-large is-style-rounded\"><img loading=\"lazy\" decoding=\"async\" width=\"1024\" height=\"768\" src=\"https:\/\/tarabal.fr\/wp-content\/uploads\/2024\/04\/photo_Sornac-1-1024x768.jpg\" alt=\"\" class=\"wp-image-338\" srcset=\"https:\/\/tarabal.fr\/wp-content\/uploads\/2024\/04\/photo_Sornac-1-1024x768.jpg 1024w, https:\/\/tarabal.fr\/wp-content\/uploads\/2024\/04\/photo_Sornac-1-300x225.jpg 300w, https:\/\/tarabal.fr\/wp-content\/uploads\/2024\/04\/photo_Sornac-1-768x576.jpg 768w, https:\/\/tarabal.fr\/wp-content\/uploads\/2024\/04\/photo_Sornac-1.jpg 1280w\" sizes=\"auto, (max-width: 1024px) 100vw, 1024px\" \/><\/figure>\n","protected":false},"excerpt":{"rendered":"<p>Alizure Alizure cherche co\u00fbte que co\u00fbte un sourire Un conte musical initiatique sur le th\u00e8me du voyage, dans une \u00e9poque et un monde imaginaire o\u00f9 les oiseaux parlent et les mendiants Klezmorim respirent la joie de vivre R\u00e9cit, accord\u00e9on, clarinette, chant Possibilit\u00e9 de repr\u00e9sentation devant la roulotte, mais aussi dans une cour, une salle, en [&hellip;]<\/p>\n","protected":false},"author":1,"featured_media":0,"parent":587,"menu_order":2,"comment_status":"closed","ping_status":"closed","template":"","meta":{"footnotes":""},"class_list":["post-17","page","type-page","status-publish","hentry"],"_links":{"self":[{"href":"https:\/\/tarabal.fr\/index.php\/wp-json\/wp\/v2\/pages\/17","targetHints":{"allow":["GET"]}}],"collection":[{"href":"https:\/\/tarabal.fr\/index.php\/wp-json\/wp\/v2\/pages"}],"about":[{"href":"https:\/\/tarabal.fr\/index.php\/wp-json\/wp\/v2\/types\/page"}],"author":[{"embeddable":true,"href":"https:\/\/tarabal.fr\/index.php\/wp-json\/wp\/v2\/users\/1"}],"replies":[{"embeddable":true,"href":"https:\/\/tarabal.fr\/index.php\/wp-json\/wp\/v2\/comments?post=17"}],"version-history":[{"count":25,"href":"https:\/\/tarabal.fr\/index.php\/wp-json\/wp\/v2\/pages\/17\/revisions"}],"predecessor-version":[{"id":590,"href":"https:\/\/tarabal.fr\/index.php\/wp-json\/wp\/v2\/pages\/17\/revisions\/590"}],"up":[{"embeddable":true,"href":"https:\/\/tarabal.fr\/index.php\/wp-json\/wp\/v2\/pages\/587"}],"wp:attachment":[{"href":"https:\/\/tarabal.fr\/index.php\/wp-json\/wp\/v2\/media?parent=17"}],"curies":[{"name":"wp","href":"https:\/\/api.w.org\/{rel}","templated":true}]}}