{"id":15,"date":"2024-02-07T17:45:53","date_gmt":"2024-02-07T16:45:53","guid":{"rendered":"http:\/\/tarabal.fr\/?page_id=15"},"modified":"2025-06-01T12:42:40","modified_gmt":"2025-06-01T10:42:40","slug":"duo","status":"publish","type":"page","link":"https:\/\/tarabal.fr\/index.php\/les-creations\/les-differents-spectacles\/duo\/","title":{"rendered":"Chemin (en cours de cr\u00e9ation)"},"content":{"rendered":"\n<figure class=\"wp-block-image size-large\"><img loading=\"lazy\" decoding=\"async\" width=\"1024\" height=\"768\" src=\"https:\/\/tarabal.fr\/wp-content\/uploads\/2024\/02\/20230919_Grand-cafe-2-1024x768.jpg\" alt=\"\" class=\"wp-image-113\" srcset=\"https:\/\/tarabal.fr\/wp-content\/uploads\/2024\/02\/20230919_Grand-cafe-2-1024x768.jpg 1024w, https:\/\/tarabal.fr\/wp-content\/uploads\/2024\/02\/20230919_Grand-cafe-2-300x225.jpg 300w, https:\/\/tarabal.fr\/wp-content\/uploads\/2024\/02\/20230919_Grand-cafe-2-768x576.jpg 768w, https:\/\/tarabal.fr\/wp-content\/uploads\/2024\/02\/20230919_Grand-cafe-2-1536x1152.jpg 1536w, https:\/\/tarabal.fr\/wp-content\/uploads\/2024\/02\/20230919_Grand-cafe-2.jpg 2048w\" sizes=\"auto, (max-width: 1024px) 100vw, 1024px\" \/><\/figure>\n\n\n\n<p><em>Dans un espace m\u00e9langeant r\u00e9cits, mouvements, et musique live accord\u00e9on clarinette chant<\/em><\/p>\n\n\n\n<blockquote class=\"wp-block-quote is-layout-flow wp-block-quote-is-layout-flow\">\n<p>Ils nous racontent le voyage en roulotte dans les campagnes aujourd\u2019hui,<\/p>\n\n\n\n<p>leur rapport au cheval,<\/p>\n\n\n\n<p>leur rapport \u00e0 la ruralit\u00e9,<\/p>\n\n\n\n<p>leur r\u00eave, leur espoir, et aussi<\/p>\n\n\n\n<p>des r\u00eaves et espoirs des personnes qu\u2019ils ont rencontr\u00e9es sur leur chemin<\/p>\n<\/blockquote>\n\n\n\n<p><\/p>\n","protected":false},"excerpt":{"rendered":"<p>Dans un espace m\u00e9langeant r\u00e9cits, mouvements, et musique live accord\u00e9on clarinette chant Ils nous racontent le voyage en roulotte dans les campagnes aujourd\u2019hui, leur rapport au cheval, leur rapport \u00e0 la ruralit\u00e9, leur r\u00eave, leur espoir, et aussi des r\u00eaves et espoirs des personnes qu\u2019ils ont rencontr\u00e9es sur leur chemin<\/p>\n","protected":false},"author":1,"featured_media":0,"parent":587,"menu_order":6,"comment_status":"closed","ping_status":"closed","template":"","meta":{"footnotes":""},"class_list":["post-15","page","type-page","status-publish","hentry"],"_links":{"self":[{"href":"https:\/\/tarabal.fr\/index.php\/wp-json\/wp\/v2\/pages\/15","targetHints":{"allow":["GET"]}}],"collection":[{"href":"https:\/\/tarabal.fr\/index.php\/wp-json\/wp\/v2\/pages"}],"about":[{"href":"https:\/\/tarabal.fr\/index.php\/wp-json\/wp\/v2\/types\/page"}],"author":[{"embeddable":true,"href":"https:\/\/tarabal.fr\/index.php\/wp-json\/wp\/v2\/users\/1"}],"replies":[{"embeddable":true,"href":"https:\/\/tarabal.fr\/index.php\/wp-json\/wp\/v2\/comments?post=15"}],"version-history":[{"count":13,"href":"https:\/\/tarabal.fr\/index.php\/wp-json\/wp\/v2\/pages\/15\/revisions"}],"predecessor-version":[{"id":593,"href":"https:\/\/tarabal.fr\/index.php\/wp-json\/wp\/v2\/pages\/15\/revisions\/593"}],"up":[{"embeddable":true,"href":"https:\/\/tarabal.fr\/index.php\/wp-json\/wp\/v2\/pages\/587"}],"wp:attachment":[{"href":"https:\/\/tarabal.fr\/index.php\/wp-json\/wp\/v2\/media?parent=15"}],"curies":[{"name":"wp","href":"https:\/\/api.w.org\/{rel}","templated":true}]}}